{"id":1123,"date":"2018-07-29T13:16:54","date_gmt":"2018-07-29T11:16:54","guid":{"rendered":"http:\/\/baumgartner.zobl.at\/?page_id=1123"},"modified":"2025-10-31T18:07:41","modified_gmt":"2025-10-31T17:07:41","slug":"ferienwohnung-himmelschluessel-2","status":"publish","type":"page","link":"https:\/\/baumgartner.schattwald.net\/index.php\/ferienwohnung-himmelschluessel-2\/","title":{"rendered":"FERIENWOHNUNG HIMMELSCHL\u00dcSSEL"},"content":{"rendered":"<p>In dieser gem\u00fctlichen und hochwertig, im modernen Landhausstil eingerichteten Wohnung, f\u00fchlen Sie sich gleich zu Hause! Sie pr\u00e4sentiert sich als freundlich, hell und ruhig. Vom Balkon (S\u00fcd-Westen) haben Sie einen freien und einzigartigen\u00a0 Blick auf die Tannheimertaler Bergwelt. F\u00fcr heimelige Atmosph\u00e4re sorgt der gem\u00fctliche Wohnraum mit Sitzecke und Couch. Gute Matratzen bieten hohen Schlafkomfort. Beginnen Sie jeden Tag mit einem besonderen Ausblick. Die Ferienwohnung ist geeignet f\u00fcr zwei Personen. (Nur Erwachsene)<\/p>\n\n\t\t<style type=\"text\/css\">\n\t\t\t#gallery-1 {\n\t\t\t\tmargin: auto;\n\t\t\t}\n\t\t\t#gallery-1 .gallery-item {\n\t\t\t\tfloat: left;\n\t\t\t\tmargin-top: 10px;\n\t\t\t\ttext-align: center;\n\t\t\t\twidth: 33%;\n\t\t\t}\n\t\t\t#gallery-1 img {\n\t\t\t\tborder: 2px solid #cfcfcf;\n\t\t\t}\n\t\t\t#gallery-1 .gallery-caption {\n\t\t\t\tmargin-left: 0;\n\t\t\t}\n\t\t\t\/* see gallery_shortcode() in wp-includes\/media.php *\/\n\t\t<\/style>\n\t\t<div id='gallery-1' class='gallery galleryid-1123 gallery-columns-3 gallery-size-medium'><dl class='gallery-item'>\n\t\t\t<dt class='gallery-icon landscape'>\n\t\t\t\t<a href='https:\/\/baumgartner.schattwald.net\/wp-content\/uploads\/2018\/07\/IMG_4023_kopie.jpg'><img width=\"300\" height=\"200\" src=\"https:\/\/baumgartner.schattwald.net\/wp-content\/uploads\/2018\/07\/IMG_4023_kopie-300x200.jpg\" class=\"attachment-medium size-medium\" alt=\"\" loading=\"lazy\" srcset=\"https:\/\/baumgartner.schattwald.net\/wp-content\/uploads\/2018\/07\/IMG_4023_kopie-300x200.jpg 300w, https:\/\/baumgartner.schattwald.net\/wp-content\/uploads\/2018\/07\/IMG_4023_kopie-768x512.jpg 768w, https:\/\/baumgartner.schattwald.net\/wp-content\/uploads\/2018\/07\/IMG_4023_kopie.jpg 800w\" sizes=\"(max-width: 300px) 100vw, 300px\" \/><\/a>\n\t\t\t<\/dt><\/dl><dl class='gallery-item'>\n\t\t\t<dt class='gallery-icon landscape'>\n\t\t\t\t<a href='https:\/\/baumgartner.schattwald.net\/wp-content\/uploads\/2018\/07\/IMG_4007_kopie.jpg'><img width=\"300\" height=\"200\" src=\"https:\/\/baumgartner.schattwald.net\/wp-content\/uploads\/2018\/07\/IMG_4007_kopie-300x200.jpg\" class=\"attachment-medium size-medium\" alt=\"\" loading=\"lazy\" srcset=\"https:\/\/baumgartner.schattwald.net\/wp-content\/uploads\/2018\/07\/IMG_4007_kopie-300x200.jpg 300w, https:\/\/baumgartner.schattwald.net\/wp-content\/uploads\/2018\/07\/IMG_4007_kopie-768x512.jpg 768w, https:\/\/baumgartner.schattwald.net\/wp-content\/uploads\/2018\/07\/IMG_4007_kopie.jpg 800w\" sizes=\"(max-width: 300px) 100vw, 300px\" \/><\/a>\n\t\t\t<\/dt><\/dl><dl class='gallery-item'>\n\t\t\t<dt class='gallery-icon landscape'>\n\t\t\t\t<a href='https:\/\/baumgartner.schattwald.net\/wp-content\/uploads\/2018\/07\/IMG_4011_kopie.jpg'><img width=\"300\" height=\"200\" src=\"https:\/\/baumgartner.schattwald.net\/wp-content\/uploads\/2018\/07\/IMG_4011_kopie-300x200.jpg\" class=\"attachment-medium size-medium\" alt=\"\" loading=\"lazy\" srcset=\"https:\/\/baumgartner.schattwald.net\/wp-content\/uploads\/2018\/07\/IMG_4011_kopie-300x200.jpg 300w, https:\/\/baumgartner.schattwald.net\/wp-content\/uploads\/2018\/07\/IMG_4011_kopie-768x512.jpg 768w, https:\/\/baumgartner.schattwald.net\/wp-content\/uploads\/2018\/07\/IMG_4011_kopie.jpg 800w\" sizes=\"(max-width: 300px) 100vw, 300px\" \/><\/a>\n\t\t\t<\/dt><\/dl><br style=\"clear: both\" \/><dl class='gallery-item'>\n\t\t\t<dt class='gallery-icon landscape'>\n\t\t\t\t<a href='https:\/\/baumgartner.schattwald.net\/wp-content\/uploads\/2025\/01\/20210531_110842-scaled.jpg'><img width=\"300\" height=\"135\" src=\"https:\/\/baumgartner.schattwald.net\/wp-content\/uploads\/2025\/01\/20210531_110842-300x135.jpg\" class=\"attachment-medium size-medium\" alt=\"\" loading=\"lazy\" srcset=\"https:\/\/baumgartner.schattwald.net\/wp-content\/uploads\/2025\/01\/20210531_110842-300x135.jpg 300w, https:\/\/baumgartner.schattwald.net\/wp-content\/uploads\/2025\/01\/20210531_110842-1024x461.jpg 1024w, https:\/\/baumgartner.schattwald.net\/wp-content\/uploads\/2025\/01\/20210531_110842-768x346.jpg 768w, https:\/\/baumgartner.schattwald.net\/wp-content\/uploads\/2025\/01\/20210531_110842-1536x691.jpg 1536w, https:\/\/baumgartner.schattwald.net\/wp-content\/uploads\/2025\/01\/20210531_110842-2048x922.jpg 2048w\" sizes=\"(max-width: 300px) 100vw, 300px\" \/><\/a>\n\t\t\t<\/dt><\/dl><dl class='gallery-item'>\n\t\t\t<dt class='gallery-icon landscape'>\n\t\t\t\t<a href='https:\/\/baumgartner.schattwald.net\/wp-content\/uploads\/2025\/01\/20210630_110713-scaled.jpg'><img width=\"300\" height=\"135\" src=\"https:\/\/baumgartner.schattwald.net\/wp-content\/uploads\/2025\/01\/20210630_110713-300x135.jpg\" class=\"attachment-medium size-medium\" alt=\"\" loading=\"lazy\" srcset=\"https:\/\/baumgartner.schattwald.net\/wp-content\/uploads\/2025\/01\/20210630_110713-300x135.jpg 300w, https:\/\/baumgartner.schattwald.net\/wp-content\/uploads\/2025\/01\/20210630_110713-1024x461.jpg 1024w, https:\/\/baumgartner.schattwald.net\/wp-content\/uploads\/2025\/01\/20210630_110713-768x346.jpg 768w, https:\/\/baumgartner.schattwald.net\/wp-content\/uploads\/2025\/01\/20210630_110713-1536x691.jpg 1536w, https:\/\/baumgartner.schattwald.net\/wp-content\/uploads\/2025\/01\/20210630_110713-2048x922.jpg 2048w\" sizes=\"(max-width: 300px) 100vw, 300px\" \/><\/a>\n\t\t\t<\/dt><\/dl><dl class='gallery-item'>\n\t\t\t<dt class='gallery-icon landscape'>\n\t\t\t\t<a href='https:\/\/baumgartner.schattwald.net\/wp-content\/uploads\/2025\/01\/20210531_111112-scaled.jpg'><img width=\"300\" height=\"135\" src=\"https:\/\/baumgartner.schattwald.net\/wp-content\/uploads\/2025\/01\/20210531_111112-300x135.jpg\" class=\"attachment-medium size-medium\" alt=\"\" loading=\"lazy\" srcset=\"https:\/\/baumgartner.schattwald.net\/wp-content\/uploads\/2025\/01\/20210531_111112-300x135.jpg 300w, https:\/\/baumgartner.schattwald.net\/wp-content\/uploads\/2025\/01\/20210531_111112-1024x461.jpg 1024w, https:\/\/baumgartner.schattwald.net\/wp-content\/uploads\/2025\/01\/20210531_111112-768x346.jpg 768w, https:\/\/baumgartner.schattwald.net\/wp-content\/uploads\/2025\/01\/20210531_111112-1536x691.jpg 1536w, https:\/\/baumgartner.schattwald.net\/wp-content\/uploads\/2025\/01\/20210531_111112-2048x922.jpg 2048w\" sizes=\"(max-width: 300px) 100vw, 300px\" \/><\/a>\n\t\t\t<\/dt><\/dl><br style=\"clear: both\" \/><dl class='gallery-item'>\n\t\t\t<dt class='gallery-icon portrait'>\n\t\t\t\t<a href='https:\/\/baumgartner.schattwald.net\/wp-content\/uploads\/2025\/01\/IMG_1514-scaled.jpg'><img width=\"225\" height=\"300\" src=\"https:\/\/baumgartner.schattwald.net\/wp-content\/uploads\/2025\/01\/IMG_1514-225x300.jpg\" class=\"attachment-medium size-medium\" alt=\"\" loading=\"lazy\" srcset=\"https:\/\/baumgartner.schattwald.net\/wp-content\/uploads\/2025\/01\/IMG_1514-225x300.jpg 225w, https:\/\/baumgartner.schattwald.net\/wp-content\/uploads\/2025\/01\/IMG_1514-768x1024.jpg 768w, https:\/\/baumgartner.schattwald.net\/wp-content\/uploads\/2025\/01\/IMG_1514-1152x1536.jpg 1152w, https:\/\/baumgartner.schattwald.net\/wp-content\/uploads\/2025\/01\/IMG_1514-1536x2048.jpg 1536w, https:\/\/baumgartner.schattwald.net\/wp-content\/uploads\/2025\/01\/IMG_1514-scaled.jpg 1920w\" sizes=\"(max-width: 225px) 100vw, 225px\" \/><\/a>\n\t\t\t<\/dt><\/dl><dl class='gallery-item'>\n\t\t\t<dt class='gallery-icon landscape'>\n\t\t\t\t<a href='https:\/\/baumgartner.schattwald.net\/wp-content\/uploads\/2018\/07\/IMG_4083_kopie.jpg'><img width=\"300\" height=\"200\" src=\"https:\/\/baumgartner.schattwald.net\/wp-content\/uploads\/2018\/07\/IMG_4083_kopie-300x200.jpg\" class=\"attachment-medium size-medium\" alt=\"\" loading=\"lazy\" srcset=\"https:\/\/baumgartner.schattwald.net\/wp-content\/uploads\/2018\/07\/IMG_4083_kopie-300x200.jpg 300w, https:\/\/baumgartner.schattwald.net\/wp-content\/uploads\/2018\/07\/IMG_4083_kopie-768x512.jpg 768w, https:\/\/baumgartner.schattwald.net\/wp-content\/uploads\/2018\/07\/IMG_4083_kopie.jpg 800w\" sizes=\"(max-width: 300px) 100vw, 300px\" \/><\/a>\n\t\t\t<\/dt><\/dl><dl class='gallery-item'>\n\t\t\t<dt class='gallery-icon landscape'>\n\t\t\t\t<a href='https:\/\/baumgartner.schattwald.net\/wp-content\/uploads\/2018\/07\/IMG_4096_kopie.jpg'><img width=\"300\" height=\"200\" src=\"https:\/\/baumgartner.schattwald.net\/wp-content\/uploads\/2018\/07\/IMG_4096_kopie-300x200.jpg\" class=\"attachment-medium size-medium\" alt=\"Ruheraum mit Physiotherm Infrarotkabine\" loading=\"lazy\" srcset=\"https:\/\/baumgartner.schattwald.net\/wp-content\/uploads\/2018\/07\/IMG_4096_kopie-300x200.jpg 300w, https:\/\/baumgartner.schattwald.net\/wp-content\/uploads\/2018\/07\/IMG_4096_kopie-768x512.jpg 768w, https:\/\/baumgartner.schattwald.net\/wp-content\/uploads\/2018\/07\/IMG_4096_kopie.jpg 800w\" sizes=\"(max-width: 300px) 100vw, 300px\" \/><\/a>\n\t\t\t<\/dt><\/dl><br style=\"clear: both\" \/>\n\t\t<\/div>\n\n<h6>\u00a0<\/h6>\n<p><span style=\"color: #33cccc;\"><strong>AUSSTATTUNG:<\/strong><\/span><\/p>\n<ul>\n<li>40m\u00b2<\/li>\n<li class=\"bodytext\">Hochwertige Ausstattung mit Premium-Holzm\u00f6blierung im modernen alpinen Stil.<\/li>\n<li class=\"bodytext\"><strong>Schlafraum<\/strong> mit Radiowecker, Safe<\/li>\n<li class=\"bodytext\">begehbare Dusche, WC, Haarf\u00f6n, Kosmetikspiegel, Hygieneartikel<\/li>\n<li class=\"bodytext\">komplett ausgestattete Einbauk\u00fcche mit Induktionskochfeld, Backofen, Geschirrsp\u00fclmaschine, Kaffeemaschine, Wasserkocher und Toaster<\/li>\n<li class=\"bodytext\">Garderobe<\/li>\n<li><strong>Wohnraum<\/strong> mit Couch und\u00a0Flat-TV<\/li>\n<li class=\"bodytext\">Essecke<\/li>\n<li class=\"bodytext\">gro\u00dfer S\u00fcd-West-Balkon mit Sitzgarnitur und Liegen<\/li>\n<li class=\"bodytext\">gratis W-LAN<\/li>\n<li class=\"bodytext\">auf Wunsch Br\u00f6tchenservice von Montag bis Samstag<\/li>\n<li class=\"bodytext\">Schischuh- und Wanderschuhtrockner<\/li>\n<li class=\"bodytext\">Bettw\u00e4sche, Geschirr-, Hand- und Badet\u00fccher<\/li>\n<li class=\"bodytext\">Strom<\/li>\n<li class=\"bodytext\">gratis Ben\u00fctzung von PHYSIOTHERM Infrarotkabine und Ergometer<\/li>\n<li>abschlie\u00dfbarer Fahrradraum mit Ladem\u00f6glichkeit f\u00fcr E-Bikes<\/li>\n<\/ul>\n<h6>\u00a0<\/h6>\n<p><span style=\"color: #33cccc;\"><strong>PREISE:<\/strong><\/span><\/p>\n<ul>\n<li><strong>WINTER 2025\/26 (20.12.2025 &#8211; 30.04.2026): EUR 94,-\u00a0<\/strong><\/li>\n<li><strong>SOMMER 2026 (01.05.-13.10.2026): EUR 94.- &#8211; Sommerbergbahnen inklusive<\/strong><\/li>\n<li>Alle Preise beziehen sich bei einer Belegung bis 2 Personen, zuz\u00fcglich Kurtaxe EUR 3,50 pro Person &amp; Nacht<\/li>\n<li>Wohlerzogene und stubenreine Hunde EUR 5,- pro Nacht<\/li>\n<li>Endreinigung einmalig EUR 30,-<\/li>\n<li><strong>F\u00fcr unsere G\u00e4ste sind im Sommer die Bergbahnen und Lifte im Tannheimertal sowie das Freibad &#8222;Haldensee&#8220;<\/strong> <strong>gratis<\/strong>.<\/li>\n<\/ul>\n<h6>\u00a0<\/h6>\n<p><strong><span style=\"color: #33cccc;\">ZU BEACHTEN:<\/span><\/strong><\/p>\n<ul>\n<li class=\"bodytext\">In den Ferienwohnungen ist das Rauchen nicht gestattet, nur auf dem Balkon und im Freien!<\/li>\n<li class=\"bodytext\">Unsere G\u00e4ste sch\u00e4tzen die Ruhe und Erholung in unserem Haus, daher sind Besuche von anderen Familien und Freunden nicht erlaubt.<\/li>\n<li class=\"bodytext\">Bitte informieren Sie uns im Voraus per Email \u00fcber Ihre Ankunftszeit.\u00a0<\/li>\n<li><strong>Check-In:<\/strong> ab 13:00 Uhr<\/li>\n<li><strong>Check-Out:<\/strong> bis 10:00 Uhr<\/li>\n<li class=\"bodytext\">Die Bezahlung erfolgt bei der Anreise in bar. Ein Bankomat befindet sich 10 Meter vom Haus entfernt.<\/li>\n<li>Bei Nichtanreise wird die Anzahlung als Bearbeitungsgeb\u00fchr einbehalten.<\/li>\n<li class=\"bodytext\"><span style=\"font-size: inherit;\">Es gelten die <\/span><a class=\"external-link-new-window\" style=\"font-size: inherit;\" title=\"Opens external link in new window\" href=\"http:\/\/www.hotelverband.at\/down\/AGBH_061115.pdf\" target=\"_blank\" rel=\"noopener\">Allgemeinen Gesch\u00e4ftsbedingungen der Hotellerie<\/a><span style=\"font-size: inherit;\">, Fassung vom 15.11.2006, und somit folgende Stornobedingungen:<\/span>\n<ul>\n<li class=\"bodytext\">4 Wochen vor Urlaubsbeginn 40% vom gesamten Arrangementpreis,<\/li>\n<li class=\"bodytext\">4 Wochen bis 1 Woche vor Urlaubsbeginn werden 70% vom gesamten Arrangementpreis,<\/li>\n<li class=\"bodytext\">in der letzten Woche vor Urlaubsbeginn werden 90% vom gesamten Arrangementpreis in Rechnung gestellt.<\/li>\n<\/ul>\n<\/li>\n<li>Zur Absicherung Ihres Stornorisikos empfehlen wir Ihnen dringend den Abschluss einer <strong>Reiser\u00fccktrittsversicherung.<\/strong><\/li>\n<\/ul>\n<p class=\"bodytext\">\u00a0<\/p>\n\n\n<p><\/p>\n","protected":false},"excerpt":{"rendered":"<p>In dieser gem\u00fctlichen und hochwertig, im modernen Landhausstil eingerichteten Wohnung, f\u00fchlen Sie sich gleich zu Hause! Sie pr\u00e4sentiert sich als freundlich, hell und ruhig. Vom Balkon (S\u00fcd-Westen) haben Sie einen freien und einzigartigen\u00a0 Blick auf die Tannheimertaler Bergwelt. F\u00fcr heimelige Atmosph\u00e4re sorgt der gem\u00fctliche Wohnraum mit Sitzecke und Couch. Gute Matratzen bieten hohen Schlafkomfort. Beginnen [&hellip;]<\/p>\n","protected":false},"author":3,"featured_media":0,"parent":0,"menu_order":0,"comment_status":"closed","ping_status":"closed","template":"","meta":[],"_links":{"self":[{"href":"https:\/\/baumgartner.schattwald.net\/index.php\/wp-json\/wp\/v2\/pages\/1123"}],"collection":[{"href":"https:\/\/baumgartner.schattwald.net\/index.php\/wp-json\/wp\/v2\/pages"}],"about":[{"href":"https:\/\/baumgartner.schattwald.net\/index.php\/wp-json\/wp\/v2\/types\/page"}],"author":[{"embeddable":true,"href":"https:\/\/baumgartner.schattwald.net\/index.php\/wp-json\/wp\/v2\/users\/3"}],"replies":[{"embeddable":true,"href":"https:\/\/baumgartner.schattwald.net\/index.php\/wp-json\/wp\/v2\/comments?post=1123"}],"version-history":[{"count":41,"href":"https:\/\/baumgartner.schattwald.net\/index.php\/wp-json\/wp\/v2\/pages\/1123\/revisions"}],"predecessor-version":[{"id":6992,"href":"https:\/\/baumgartner.schattwald.net\/index.php\/wp-json\/wp\/v2\/pages\/1123\/revisions\/6992"}],"wp:attachment":[{"href":"https:\/\/baumgartner.schattwald.net\/index.php\/wp-json\/wp\/v2\/media?parent=1123"}],"curies":[{"name":"wp","href":"https:\/\/api.w.org\/{rel}","templated":true}]}}