{"id":13,"date":"2017-10-17T09:19:10","date_gmt":"2017-10-17T07:19:10","guid":{"rendered":"http:\/\/baumgartner.zobl.at\/?page_id=2"},"modified":"2026-04-16T09:54:42","modified_gmt":"2026-04-16T07:54:42","slug":"beispiel-seite","status":"publish","type":"page","link":"https:\/\/baumgartner.schattwald.net\/","title":{"rendered":"Willkommen im Haus Baumgartner"},"content":{"rendered":"\n<div class=\"wp-block-group\"><div class=\"wp-block-group__inner-container\">\n<div class=\"wp-block-group\"><div class=\"wp-block-group__inner-container\">\n<figure class=\"wp-block-gallery columns-1\"><ul class=\"blocks-gallery-grid\"><li class=\"blocks-gallery-item\"><figure><img loading=\"lazy\" width=\"450\" height=\"337\" src=\"https:\/\/baumgartner.schattwald.net\/wp-content\/uploads\/2024\/06\/DSCN3239-Kopie.jpg\" alt=\"\" data-id=\"6155\" data-full-url=\"https:\/\/baumgartner.schattwald.net\/wp-content\/uploads\/2024\/06\/DSCN3239-Kopie.jpg\" data-link=\"https:\/\/baumgartner.schattwald.net\/index.php\/lage\/dscn3239-kopie-2\/#main\" class=\"wp-image-6155\" srcset=\"https:\/\/baumgartner.schattwald.net\/wp-content\/uploads\/2024\/06\/DSCN3239-Kopie.jpg 450w, https:\/\/baumgartner.schattwald.net\/wp-content\/uploads\/2024\/06\/DSCN3239-Kopie-300x225.jpg 300w\" sizes=\"(max-width: 450px) 100vw, 450px\" \/><\/figure><\/li><\/ul><\/figure>\n<\/div><\/div>\n<\/div><\/div>\n\n\n<p><strong>&nbsp;Ankommen, durchatmen, genie\u00dfen<\/strong><\/p>\n<p class=\"bodytext\"><strong>Wer einmal hier war, kommt gerne wieder!<\/strong><\/p>\n<p>Erleben Sie alpine Lebensart in Ihrer sch\u00f6nsten Form. Unsere liebevoll gestalteten Ferienwohnungen verbinden moderne, alpine M\u00f6bel mit zeitloser Gem\u00fctlichkeit und schaffen einen Ort an dem Sie sich vom ersten Moment an zuhause f\u00fchlen. Gro\u00dfe Fenster er\u00f6ffnen Ihnen eine freie, unverbaute Aussicht auf die umliegende Bergwelt &#8211; ein Panorama das zu jeder Jahreszeit begeistert.&nbsp;Bei uns k\u00f6nnen Sie sich erholen, neue Energie tanken und Ihrer Gesundheit Gutes tun.<\/p>\n<p class=\"bodytext\">Umgeben von einer <strong>bezaubernden Berg- und Naturlandschaft<\/strong> wohnen Sie in der <strong>idyllischen Ortschaft Schattwald&nbsp;<\/strong>im Tannheimer Tal. Hier k\u00f6nnen Sie sportlich aktiv sein, haben Zeit f\u00fcr sich selbst, oder erleben einfach nur die unber\u00fchrte Natur. Es erwarten Sie Tiroler Gastfreundschaft und eine Vielzahl an Freizeitaktivit\u00e4ten.<\/p>\n<p>Dank unserer zentralen Lage erreichen Sie alles bequem zu Fu\u00df: den Bus, den Radweg, die Loipe, den Schilift sowie Restaurants.&nbsp; Ob aktiver Urlaub in den Bergen oder entspannte Tage voller Genuss und Ruhe &#8211; bei uns beginnt Ihre Auszeit direkt vor der Haust\u00fcr.&nbsp; &nbsp; &nbsp; &nbsp; &nbsp; &nbsp; &nbsp; &nbsp; &nbsp; &nbsp; &nbsp; &nbsp; &nbsp; &nbsp; &nbsp; &nbsp; &nbsp; &nbsp; &nbsp; &nbsp; &nbsp; &nbsp; &nbsp; &nbsp; &nbsp; &nbsp; &nbsp; &nbsp; &nbsp; &nbsp; &nbsp; &nbsp; &nbsp; &nbsp; &nbsp; &nbsp; &nbsp; &nbsp; &nbsp; &nbsp; &nbsp; &nbsp; &nbsp; &nbsp; &nbsp; &nbsp; &nbsp; &nbsp; &nbsp; &nbsp; &nbsp; &nbsp; &nbsp; &nbsp; &nbsp; &nbsp; &nbsp; &nbsp; &nbsp; &nbsp; &nbsp; &nbsp; &nbsp; &nbsp; &nbsp; &nbsp; &nbsp; &nbsp; &nbsp; <strong>F\u00fcr<\/strong> <strong>unsere G\u00e4ste sind die Bergbahnen und Lifte im Sommer sowie das Freibad &#8222;Haldensee&#8220; gratis.<\/strong><\/p>\n<p>F\u00fcr E-Auto Fahrer befindet sich eine E-Tankstelle direkt gegen\u00fcber.<\/p>\n<p>F\u00fcr unsere Radfahrer &#8211; absperrbarer Fahrradraum mit Ladem\u00f6glichkeit f\u00fcr E-Bikes vorhanden.<\/p>\n<p>Die Ben\u00fctzung der <strong>PHYSIOTHERM Infrarotkabine <\/strong>und das <strong>W-LAN<\/strong> sind gratis. Auf Wunsch k\u00f6nnen Sie sich von unserem Br\u00f6tchenservice bedienen lassen. Wohlerzogene und stubenreine Hunde sind herzlich Willkommen!<\/p>\n<p>Unsere Ferienwohnungen sind der perfekte Ausgangspunkt f\u00fcr unvergessliche Tage. Wir freuen uns darauf, Sie bei uns begr\u00fc\u00dfen zu d\u00fcrfen!<\/p>\n<p class=\"bodytext\">Ihre Familie Baumgartner<\/p>\n<p class=\"bodytext\"><img loading=\"lazy\" class=\"alignleft wp-image-2653 \" src=\"http:\/\/baumgartner.zobl.at\/wp-content\/uploads\/2017\/12\/cropped-HausBaumgartner_Logo2-1.png\" alt=\"\" width=\"285\" height=\"80\"><\/p>\n<p><\/p>\n\n\n<p><\/p>\n","protected":false},"excerpt":{"rendered":"<p>&nbsp;Ankommen, durchatmen, genie\u00dfen Wer einmal hier war, kommt gerne wieder! Erleben Sie alpine Lebensart in Ihrer sch\u00f6nsten Form. Unsere liebevoll gestalteten Ferienwohnungen verbinden moderne, alpine M\u00f6bel mit zeitloser Gem\u00fctlichkeit und schaffen einen Ort an dem Sie sich vom ersten Moment an zuhause f\u00fchlen. Gro\u00dfe Fenster er\u00f6ffnen Ihnen eine freie, unverbaute Aussicht auf die umliegende Bergwelt [&hellip;]<\/p>\n","protected":false},"author":3,"featured_media":0,"parent":0,"menu_order":0,"comment_status":"closed","ping_status":"open","template":"","meta":[],"_links":{"self":[{"href":"https:\/\/baumgartner.schattwald.net\/index.php\/wp-json\/wp\/v2\/pages\/13"}],"collection":[{"href":"https:\/\/baumgartner.schattwald.net\/index.php\/wp-json\/wp\/v2\/pages"}],"about":[{"href":"https:\/\/baumgartner.schattwald.net\/index.php\/wp-json\/wp\/v2\/types\/page"}],"author":[{"embeddable":true,"href":"https:\/\/baumgartner.schattwald.net\/index.php\/wp-json\/wp\/v2\/users\/3"}],"replies":[{"embeddable":true,"href":"https:\/\/baumgartner.schattwald.net\/index.php\/wp-json\/wp\/v2\/comments?post=13"}],"version-history":[{"count":50,"href":"https:\/\/baumgartner.schattwald.net\/index.php\/wp-json\/wp\/v2\/pages\/13\/revisions"}],"predecessor-version":[{"id":7008,"href":"https:\/\/baumgartner.schattwald.net\/index.php\/wp-json\/wp\/v2\/pages\/13\/revisions\/7008"}],"wp:attachment":[{"href":"https:\/\/baumgartner.schattwald.net\/index.php\/wp-json\/wp\/v2\/media?parent=13"}],"curies":[{"name":"wp","href":"https:\/\/api.w.org\/{rel}","templated":true}]}}