{"id":1483,"date":"2018-07-30T10:44:41","date_gmt":"2018-07-30T08:44:41","guid":{"rendered":"http:\/\/baumgartner.zobl.at\/?page_id=1483"},"modified":"2026-01-22T10:19:21","modified_gmt":"2026-01-22T09:19:21","slug":"ferienwohnung-margarite","status":"publish","type":"page","link":"https:\/\/baumgartner.schattwald.net\/index.php\/ferienwohnung-margarite\/","title":{"rendered":"FERIENWOHNUNG MARGARITE"},"content":{"rendered":"<p>Diese 25 m\u00b2 gro\u00dfe, lichtdurchflutete und sonnige Wohnung sorgt f\u00fcr Behaglichkeit und gem\u00fctliche Atmosph\u00e4re, ein Raum zum Wohnf\u00fchlen. Ein idyllischer und freier Blick auf die Tannheimer Taler Berge er\u00f6ffnet sich Ihnen vom Balkon. Die Ferienwohnung ist geeignet f\u00fcr zwei Personen. (Nur Erwachsene)<\/p>\n\n\t\t<style type=\"text\/css\">\n\t\t\t#gallery-1 {\n\t\t\t\tmargin: auto;\n\t\t\t}\n\t\t\t#gallery-1 .gallery-item {\n\t\t\t\tfloat: left;\n\t\t\t\tmargin-top: 10px;\n\t\t\t\ttext-align: center;\n\t\t\t\twidth: 33%;\n\t\t\t}\n\t\t\t#gallery-1 img {\n\t\t\t\tborder: 2px solid #cfcfcf;\n\t\t\t}\n\t\t\t#gallery-1 .gallery-caption {\n\t\t\t\tmargin-left: 0;\n\t\t\t}\n\t\t\t\/* see gallery_shortcode() in wp-includes\/media.php *\/\n\t\t<\/style>\n\t\t<div id='gallery-1' class='gallery galleryid-1483 gallery-columns-3 gallery-size-medium'><dl class='gallery-item'>\n\t\t\t<dt class='gallery-icon landscape'>\n\t\t\t\t<a href='https:\/\/baumgartner.schattwald.net\/wp-content\/uploads\/2022\/01\/20190613_125353-scaled.jpg'><img width=\"300\" height=\"169\" src=\"https:\/\/baumgartner.schattwald.net\/wp-content\/uploads\/2022\/01\/20190613_125353-300x169.jpg\" class=\"attachment-medium size-medium\" alt=\"\" loading=\"lazy\" srcset=\"https:\/\/baumgartner.schattwald.net\/wp-content\/uploads\/2022\/01\/20190613_125353-300x169.jpg 300w, https:\/\/baumgartner.schattwald.net\/wp-content\/uploads\/2022\/01\/20190613_125353-1024x576.jpg 1024w, https:\/\/baumgartner.schattwald.net\/wp-content\/uploads\/2022\/01\/20190613_125353-768x432.jpg 768w, https:\/\/baumgartner.schattwald.net\/wp-content\/uploads\/2022\/01\/20190613_125353-1536x864.jpg 1536w, https:\/\/baumgartner.schattwald.net\/wp-content\/uploads\/2022\/01\/20190613_125353-2048x1152.jpg 2048w\" sizes=\"(max-width: 300px) 100vw, 300px\" \/><\/a>\n\t\t\t<\/dt><\/dl><dl class='gallery-item'>\n\t\t\t<dt class='gallery-icon landscape'>\n\t\t\t\t<a href='https:\/\/baumgartner.schattwald.net\/wp-content\/uploads\/2022\/01\/20191216_133840-scaled.jpg'><img width=\"300\" height=\"169\" src=\"https:\/\/baumgartner.schattwald.net\/wp-content\/uploads\/2022\/01\/20191216_133840-300x169.jpg\" class=\"attachment-medium size-medium\" alt=\"\" loading=\"lazy\" srcset=\"https:\/\/baumgartner.schattwald.net\/wp-content\/uploads\/2022\/01\/20191216_133840-300x169.jpg 300w, https:\/\/baumgartner.schattwald.net\/wp-content\/uploads\/2022\/01\/20191216_133840-1024x576.jpg 1024w, https:\/\/baumgartner.schattwald.net\/wp-content\/uploads\/2022\/01\/20191216_133840-768x432.jpg 768w, https:\/\/baumgartner.schattwald.net\/wp-content\/uploads\/2022\/01\/20191216_133840-1536x864.jpg 1536w, https:\/\/baumgartner.schattwald.net\/wp-content\/uploads\/2022\/01\/20191216_133840-2048x1152.jpg 2048w\" sizes=\"(max-width: 300px) 100vw, 300px\" \/><\/a>\n\t\t\t<\/dt><\/dl><dl class='gallery-item'>\n\t\t\t<dt class='gallery-icon landscape'>\n\t\t\t\t<a href='https:\/\/baumgartner.schattwald.net\/wp-content\/uploads\/2022\/01\/20191216_133604-scaled.jpg'><img width=\"300\" height=\"169\" src=\"https:\/\/baumgartner.schattwald.net\/wp-content\/uploads\/2022\/01\/20191216_133604-300x169.jpg\" class=\"attachment-medium size-medium\" alt=\"\" loading=\"lazy\" srcset=\"https:\/\/baumgartner.schattwald.net\/wp-content\/uploads\/2022\/01\/20191216_133604-300x169.jpg 300w, https:\/\/baumgartner.schattwald.net\/wp-content\/uploads\/2022\/01\/20191216_133604-1024x576.jpg 1024w, https:\/\/baumgartner.schattwald.net\/wp-content\/uploads\/2022\/01\/20191216_133604-768x432.jpg 768w, https:\/\/baumgartner.schattwald.net\/wp-content\/uploads\/2022\/01\/20191216_133604-1536x864.jpg 1536w, https:\/\/baumgartner.schattwald.net\/wp-content\/uploads\/2022\/01\/20191216_133604-2048x1152.jpg 2048w\" sizes=\"(max-width: 300px) 100vw, 300px\" \/><\/a>\n\t\t\t<\/dt><\/dl><br style=\"clear: both\" \/><dl class='gallery-item'>\n\t\t\t<dt class='gallery-icon portrait'>\n\t\t\t\t<a href='https:\/\/baumgartner.schattwald.net\/wp-content\/uploads\/2017\/12\/20171016_114610_v2.jpg'><img width=\"169\" height=\"300\" src=\"https:\/\/baumgartner.schattwald.net\/wp-content\/uploads\/2017\/12\/20171016_114610_v2-169x300.jpg\" class=\"attachment-medium size-medium\" alt=\"\" loading=\"lazy\" srcset=\"https:\/\/baumgartner.schattwald.net\/wp-content\/uploads\/2017\/12\/20171016_114610_v2-169x300.jpg 169w, https:\/\/baumgartner.schattwald.net\/wp-content\/uploads\/2017\/12\/20171016_114610_v2-576x1024.jpg 576w, https:\/\/baumgartner.schattwald.net\/wp-content\/uploads\/2017\/12\/20171016_114610_v2.jpg 720w\" sizes=\"(max-width: 169px) 100vw, 169px\" \/><\/a>\n\t\t\t<\/dt><\/dl>\n\t\t\t<br style='clear: both' \/>\n\t\t<\/div>\n\n<h6>\u00a0<\/h6>\n<p><span style=\"color: #33cccc;\"><strong>AUSSTATTUNG:<\/strong><\/span><\/p>\n<ul>\n<li>25m\u00b2<\/li>\n<li class=\"bodytext\">Wohn-Schlafraum mit komfortablem Boxspringbett, Radiowecker, Safe<\/li>\n<li class=\"bodytext\">begehbare Dusche, WC, Haarf\u00f6n, Kosmetikspiegel, Hygieneartikel<\/li>\n<li class=\"bodytext\">gut ausgestattete, moderne Einbauk\u00fcche mit 2-Platten-Cerankochfeld, Mikrowelle, Geschirrsp\u00fclmaschine, Kaffeemaschine, Wasserkocher und Toaster<\/li>\n<li class=\"bodytext\">Garderobe<\/li>\n<li class=\"bodytext\">Essecke<\/li>\n<li class=\"bodytext\">Couch und\u00a0Flat-TV<\/li>\n<li class=\"bodytext\">S\u00fcd-West-Balkon mit Sitzgarnitur<\/li>\n<li class=\"bodytext\">gratis W-LAN<\/li>\n<li class=\"bodytext\">auf Wunsch Br\u00f6tchenservice von Montag bis Samstag<\/li>\n<li class=\"bodytext\">Schischuh- und Wanderschuhtrockner<\/li>\n<li class=\"bodytext\">Bettw\u00e4sche, Geschirr-, Hand- und Badet\u00fccher<\/li>\n<li class=\"bodytext\">Strom<\/li>\n<li class=\"bodytext\">Ben\u00fctzung der PHYSIOTHERM Infrarotsauna<\/li>\n<li>abschlie\u00dfbarer Fahrradraum und Ladem\u00f6glichkeit f\u00fcr E-Bikes<\/li>\n<\/ul>\n<h6>\u00a0<\/h6>\n<p><span style=\"color: #33cccc;\"><strong>PREISE:<\/strong><\/span><\/p>\n<ul>\n<li><strong>WINTER 2025\/26 (20.12.2025 &#8211; 30.04.2026): EUR 80,-<\/strong><\/li>\n<li><strong>SOMMER 2026 (01.05.-13.10.2026): EUR 80,- &#8211; Sommerbergbahnen inklusive<\/strong><\/li>\n<li>Alle Preise beziehen sich bis zu einer Belegung von 2 Personen, zuz\u00fcglich Kurtaxe EUR 3,50 pro Person &amp; Nacht<\/li>\n<li>Wohlerzogene und stubenreine Hunde EUR 5,- pro Nacht<\/li>\n<li>Endreinigung einmalig EUR 25,-<\/li>\n<li>F\u00fcr unsere G\u00e4ste sind im Sommer die Bergbahnen und Lifte im Tannheimertal sowie das Freibad &#8222;Haldensee&#8220;<strong> gratis<\/strong>.<\/li>\n<\/ul>\n<h6>\u00a0<\/h6>\n<p><span style=\"color: #33cccc;\"><strong>ZU BEACHTEN:<\/strong><\/span><\/p>\n<ul>\n<li class=\"bodytext\">In den Ferienwohnungen ist das Rauchen verboten, rauchen d\u00fcrfen Sie auf dem Balkon und im Freien!<\/li>\n<li class=\"bodytext\">Unsere G\u00e4ste sch\u00e4tzen die Ruhe und Erholung in unserem Haus, daher sind Besuche von anderen Familien und Freunde nicht gestattet.<\/li>\n<li class=\"bodytext\">Bitte informieren Sie uns im Voraus \u00fcber Ihre Ankunftszeit.<\/li>\n<li><strong>Check-In:<\/strong> ab13:00 Uhr<\/li>\n<li><strong>Check-Out:<\/strong> bis 10:00 Uhr<\/li>\n<li class=\"bodytext\">Die Bezahlung erfolgt bei der Anreise in bar. Ein Bankomat befindet sich 10 Meter vom Haus entfernt.<\/li>\n<li>Bei Nichtanreise wird die Anzahlung als Bearbeitungsgeb\u00fchr einbehalten.<\/li>\n<li class=\"bodytext\"><span style=\"font-size: inherit;\">Es gelten die <\/span><a class=\"external-link-new-window\" style=\"font-size: inherit;\" title=\"Opens external link in new window\" href=\"http:\/\/www.hotelverband.at\/down\/AGBH_061115.pdf\" target=\"_blank\" rel=\"noopener\">Allgemeinen Gesch\u00e4ftsbedingungen der Hotellerie<\/a><span style=\"font-size: inherit;\">, Fassung vom 15.11.2006, und somit folgende Stornobedingungen:<\/span>\n<ul>\n<li class=\"bodytext\">4 Wochen vor Urlaubsbeginn 40% vom gesamten Arrangementpreis,<\/li>\n<li class=\"bodytext\">4 Wochen bis 1 Woche vor Urlaubsbeginn werden 70% vom gesamten Arrangementpreis,<\/li>\n<li class=\"bodytext\">ab 1 Woche vor Urlaubsbeginn werden 90% vom gesamten Arrangementpreis in Rechnung gestellt.<\/li>\n<\/ul>\n<\/li>\n<li>Zur Absicherung Ihres Stornorisikos empfehlen wir Ihnen dringend den Abschluss einer <strong>Reiser\u00fccktrittsversicherung<\/strong>.<\/li>\n<\/ul>\n\n\n<p><\/p>\n","protected":false},"excerpt":{"rendered":"<p>Diese 25 m\u00b2 gro\u00dfe, lichtdurchflutete und sonnige Wohnung sorgt f\u00fcr Behaglichkeit und gem\u00fctliche Atmosph\u00e4re, ein Raum zum Wohnf\u00fchlen. Ein idyllischer und freier Blick auf die Tannheimer Taler Berge er\u00f6ffnet sich Ihnen vom Balkon. Die Ferienwohnung ist geeignet f\u00fcr zwei Personen. (Nur Erwachsene) \u00a0 AUSSTATTUNG: 25m\u00b2 Wohn-Schlafraum mit komfortablem Boxspringbett, Radiowecker, Safe begehbare Dusche, WC, Haarf\u00f6n, [&hellip;]<\/p>\n","protected":false},"author":3,"featured_media":0,"parent":0,"menu_order":0,"comment_status":"closed","ping_status":"closed","template":"","meta":[],"_links":{"self":[{"href":"https:\/\/baumgartner.schattwald.net\/index.php\/wp-json\/wp\/v2\/pages\/1483"}],"collection":[{"href":"https:\/\/baumgartner.schattwald.net\/index.php\/wp-json\/wp\/v2\/pages"}],"about":[{"href":"https:\/\/baumgartner.schattwald.net\/index.php\/wp-json\/wp\/v2\/types\/page"}],"author":[{"embeddable":true,"href":"https:\/\/baumgartner.schattwald.net\/index.php\/wp-json\/wp\/v2\/users\/3"}],"replies":[{"embeddable":true,"href":"https:\/\/baumgartner.schattwald.net\/index.php\/wp-json\/wp\/v2\/comments?post=1483"}],"version-history":[{"count":38,"href":"https:\/\/baumgartner.schattwald.net\/index.php\/wp-json\/wp\/v2\/pages\/1483\/revisions"}],"predecessor-version":[{"id":6998,"href":"https:\/\/baumgartner.schattwald.net\/index.php\/wp-json\/wp\/v2\/pages\/1483\/revisions\/6998"}],"wp:attachment":[{"href":"https:\/\/baumgartner.schattwald.net\/index.php\/wp-json\/wp\/v2\/media?parent=1483"}],"curies":[{"name":"wp","href":"https:\/\/api.w.org\/{rel}","templated":true}]}}