{"id":2053,"date":"2018-07-31T11:41:03","date_gmt":"2018-07-31T09:41:03","guid":{"rendered":"http:\/\/baumgartner.zobl.at\/?page_id=2053"},"modified":"2025-10-31T18:25:45","modified_gmt":"2025-10-31T17:25:45","slug":"lage","status":"publish","type":"page","link":"https:\/\/baumgartner.schattwald.net\/index.php\/lage\/","title":{"rendered":"LAGE"},"content":{"rendered":"<p>Umgeben von einer <strong>bezaubernden Berg- und Naturlandschaft<\/strong> wohnen Sie in der <strong>idyllischen Ortschaft Schattwald<\/strong>\u00a0im Tannheimer Tal. Hier k\u00f6nnen Sie sportlich aktiv sein oder einfach nur die unber\u00fchrte Natur genie\u00dfen.<\/p>\n<p>Von allen Ferienwohnungen in unserem Haus haben Sie einen <strong>freien Blick auf die Tannheimer Taler Berge<\/strong>.<\/p>\n<p><strong>IDEALE LAGE\/Direkt von unserem Haus erreichen Sie:<\/strong><\/p>\n<ul>\n<li>Rad- und Wandernetz sowie Langlaufloipen <strong>direkt ab unserem Haus<\/strong><\/li>\n<li>Bushaltestelle f\u00fcr den kostenlosen Talbus in nur 50m\/1 Gehminute<\/li>\n<li>Bergbahnen Schattwald-Z\u00f6blen mit 15 Pistenkilometern in 200m\/5 Gehminuten<\/li>\n<li>Im Sommer sind f\u00fcr unsere G\u00e4ste im Tannheimertal die Lifte und Bergbahnen, Talbus und Freibad <strong>gratis!<\/strong><\/li>\n<li>Heimische Schmankerl genie\u00dfen Sie in lokalen Restaurants ab 50m\/1 Gehminute<\/li>\n<li>E-Tankstelle gegen\u00fcber von unserem Haus &#8211; 30m.<\/li>\n<li>Absperrbarer Fahrradraum mit Ladem\u00f6glichkeit f\u00fcr E-Bikes.<\/li>\n<\/ul>\n<p><a href=\"https:\/\/www.google.at\/maps\/place\/Haus+Baumgartner\/@47.5130988,10.4619355,15z\/data=!4m7!3m6!1s0x0:0xdb749a0312e19d7c!5m1!1s2018-08-12!8m2!3d47.5130988!4d10.4619355\">LAGE Haus Baumgartner\/KARTE\u00a0anzeigen<\/a><\/p>\n\n\t\t<style type=\"text\/css\">\n\t\t\t#gallery-1 {\n\t\t\t\tmargin: auto;\n\t\t\t}\n\t\t\t#gallery-1 .gallery-item {\n\t\t\t\tfloat: left;\n\t\t\t\tmargin-top: 10px;\n\t\t\t\ttext-align: center;\n\t\t\t\twidth: 33%;\n\t\t\t}\n\t\t\t#gallery-1 img {\n\t\t\t\tborder: 2px solid #cfcfcf;\n\t\t\t}\n\t\t\t#gallery-1 .gallery-caption {\n\t\t\t\tmargin-left: 0;\n\t\t\t}\n\t\t\t\/* see gallery_shortcode() in wp-includes\/media.php *\/\n\t\t<\/style>\n\t\t<div id='gallery-1' class='gallery galleryid-2053 gallery-columns-3 gallery-size-medium'><dl class='gallery-item'>\n\t\t\t<dt class='gallery-icon landscape'>\n\t\t\t\t<a href='https:\/\/baumgartner.schattwald.net\/wp-content\/uploads\/2018\/07\/003_v2.jpg'><img width=\"300\" height=\"225\" src=\"https:\/\/baumgartner.schattwald.net\/wp-content\/uploads\/2018\/07\/003_v2-300x225.jpg\" class=\"attachment-medium size-medium\" alt=\"\" loading=\"lazy\" srcset=\"https:\/\/baumgartner.schattwald.net\/wp-content\/uploads\/2018\/07\/003_v2-300x225.jpg 300w, https:\/\/baumgartner.schattwald.net\/wp-content\/uploads\/2018\/07\/003_v2-768x576.jpg 768w, https:\/\/baumgartner.schattwald.net\/wp-content\/uploads\/2018\/07\/003_v2-1024x768.jpg 1024w, https:\/\/baumgartner.schattwald.net\/wp-content\/uploads\/2018\/07\/003_v2.jpg 1280w\" sizes=\"(max-width: 300px) 100vw, 300px\" \/><\/a>\n\t\t\t<\/dt><\/dl><dl class='gallery-item'>\n\t\t\t<dt class='gallery-icon portrait'>\n\t\t\t\t<a href='https:\/\/baumgartner.schattwald.net\/wp-content\/uploads\/2017\/12\/20171016_114610_v2.jpg'><img width=\"169\" height=\"300\" src=\"https:\/\/baumgartner.schattwald.net\/wp-content\/uploads\/2017\/12\/20171016_114610_v2-169x300.jpg\" class=\"attachment-medium size-medium\" alt=\"\" loading=\"lazy\" srcset=\"https:\/\/baumgartner.schattwald.net\/wp-content\/uploads\/2017\/12\/20171016_114610_v2-169x300.jpg 169w, https:\/\/baumgartner.schattwald.net\/wp-content\/uploads\/2017\/12\/20171016_114610_v2-576x1024.jpg 576w, https:\/\/baumgartner.schattwald.net\/wp-content\/uploads\/2017\/12\/20171016_114610_v2.jpg 720w\" sizes=\"(max-width: 169px) 100vw, 169px\" \/><\/a>\n\t\t\t<\/dt><\/dl><dl class='gallery-item'>\n\t\t\t<dt class='gallery-icon landscape'>\n\t\t\t\t<a href='https:\/\/baumgartner.schattwald.net\/wp-content\/uploads\/2018\/07\/IMG_3019_v2.jpg'><img width=\"300\" height=\"225\" src=\"https:\/\/baumgartner.schattwald.net\/wp-content\/uploads\/2018\/07\/IMG_3019_v2-300x225.jpg\" class=\"attachment-medium size-medium\" alt=\"\" loading=\"lazy\" srcset=\"https:\/\/baumgartner.schattwald.net\/wp-content\/uploads\/2018\/07\/IMG_3019_v2-300x225.jpg 300w, https:\/\/baumgartner.schattwald.net\/wp-content\/uploads\/2018\/07\/IMG_3019_v2-768x576.jpg 768w, https:\/\/baumgartner.schattwald.net\/wp-content\/uploads\/2018\/07\/IMG_3019_v2-1024x768.jpg 1024w, https:\/\/baumgartner.schattwald.net\/wp-content\/uploads\/2018\/07\/IMG_3019_v2.jpg 1280w\" sizes=\"(max-width: 300px) 100vw, 300px\" \/><\/a>\n\t\t\t<\/dt><\/dl><br style=\"clear: both\" \/><dl class='gallery-item'>\n\t\t\t<dt class='gallery-icon landscape'>\n\t\t\t\t<a href='https:\/\/baumgartner.schattwald.net\/wp-content\/uploads\/2018\/07\/IMG_3018_v2.jpg'><img width=\"300\" height=\"225\" src=\"https:\/\/baumgartner.schattwald.net\/wp-content\/uploads\/2018\/07\/IMG_3018_v2-300x225.jpg\" class=\"attachment-medium size-medium\" alt=\"\" loading=\"lazy\" aria-describedby=\"gallery-1-2293\" srcset=\"https:\/\/baumgartner.schattwald.net\/wp-content\/uploads\/2018\/07\/IMG_3018_v2-300x225.jpg 300w, https:\/\/baumgartner.schattwald.net\/wp-content\/uploads\/2018\/07\/IMG_3018_v2-768x576.jpg 768w, https:\/\/baumgartner.schattwald.net\/wp-content\/uploads\/2018\/07\/IMG_3018_v2-1024x768.jpg 1024w, https:\/\/baumgartner.schattwald.net\/wp-content\/uploads\/2018\/07\/IMG_3018_v2.jpg 1280w\" sizes=\"(max-width: 300px) 100vw, 300px\" \/><\/a>\n\t\t\t<\/dt>\n\t\t\t\t<dd class='wp-caption-text gallery-caption' id='gallery-1-2293'>\n\t\t\t\tAusblick\n\t\t\t\t<\/dd><\/dl><dl class='gallery-item'>\n\t\t\t<dt class='gallery-icon landscape'>\n\t\t\t\t<a href='https:\/\/baumgartner.schattwald.net\/wp-content\/uploads\/2018\/07\/IMG_1295_v2.jpg'><img width=\"300\" height=\"169\" src=\"https:\/\/baumgartner.schattwald.net\/wp-content\/uploads\/2018\/07\/IMG_1295_v2-300x169.jpg\" class=\"attachment-medium size-medium\" alt=\"\" loading=\"lazy\" srcset=\"https:\/\/baumgartner.schattwald.net\/wp-content\/uploads\/2018\/07\/IMG_1295_v2-300x169.jpg 300w, https:\/\/baumgartner.schattwald.net\/wp-content\/uploads\/2018\/07\/IMG_1295_v2-768x432.jpg 768w, https:\/\/baumgartner.schattwald.net\/wp-content\/uploads\/2018\/07\/IMG_1295_v2-1024x576.jpg 1024w, https:\/\/baumgartner.schattwald.net\/wp-content\/uploads\/2018\/07\/IMG_1295_v2.jpg 1280w\" sizes=\"(max-width: 300px) 100vw, 300px\" \/><\/a>\n\t\t\t<\/dt><\/dl><dl class='gallery-item'>\n\t\t\t<dt class='gallery-icon landscape'>\n\t\t\t\t<a href='https:\/\/baumgartner.schattwald.net\/wp-content\/uploads\/2017\/12\/20180127_115310_v2.jpg'><img width=\"300\" height=\"169\" src=\"https:\/\/baumgartner.schattwald.net\/wp-content\/uploads\/2017\/12\/20180127_115310_v2-300x169.jpg\" class=\"attachment-medium size-medium\" alt=\"\" loading=\"lazy\" aria-describedby=\"gallery-1-1903\" srcset=\"https:\/\/baumgartner.schattwald.net\/wp-content\/uploads\/2017\/12\/20180127_115310_v2-300x169.jpg 300w, https:\/\/baumgartner.schattwald.net\/wp-content\/uploads\/2017\/12\/20180127_115310_v2-768x432.jpg 768w, https:\/\/baumgartner.schattwald.net\/wp-content\/uploads\/2017\/12\/20180127_115310_v2-1024x576.jpg 1024w, https:\/\/baumgartner.schattwald.net\/wp-content\/uploads\/2017\/12\/20180127_115310_v2.jpg 1280w\" sizes=\"(max-width: 300px) 100vw, 300px\" \/><\/a>\n\t\t\t<\/dt>\n\t\t\t\t<dd class='wp-caption-text gallery-caption' id='gallery-1-1903'>\n\t\t\t\tAusblick von Ferienwohnung\n\t\t\t\t<\/dd><\/dl><br style=\"clear: both\" \/><dl class='gallery-item'>\n\t\t\t<dt class='gallery-icon landscape'>\n\t\t\t\t<a href='https:\/\/baumgartner.schattwald.net\/wp-content\/uploads\/2017\/12\/DSCN1117_v2.jpg'><img width=\"300\" height=\"225\" src=\"https:\/\/baumgartner.schattwald.net\/wp-content\/uploads\/2017\/12\/DSCN1117_v2-300x225.jpg\" class=\"attachment-medium size-medium\" alt=\"\" loading=\"lazy\" srcset=\"https:\/\/baumgartner.schattwald.net\/wp-content\/uploads\/2017\/12\/DSCN1117_v2-300x225.jpg 300w, https:\/\/baumgartner.schattwald.net\/wp-content\/uploads\/2017\/12\/DSCN1117_v2-768x576.jpg 768w, https:\/\/baumgartner.schattwald.net\/wp-content\/uploads\/2017\/12\/DSCN1117_v2-1024x768.jpg 1024w, https:\/\/baumgartner.schattwald.net\/wp-content\/uploads\/2017\/12\/DSCN1117_v2.jpg 1280w\" sizes=\"(max-width: 300px) 100vw, 300px\" \/><\/a>\n\t\t\t<\/dt><\/dl><dl class='gallery-item'>\n\t\t\t<dt class='gallery-icon landscape'>\n\t\t\t\t<a href='https:\/\/baumgartner.schattwald.net\/wp-content\/uploads\/2018\/07\/DSCN3738_kopie-e1608997170360.jpg'><img width=\"300\" height=\"225\" src=\"https:\/\/baumgartner.schattwald.net\/wp-content\/uploads\/2018\/07\/DSCN3738_kopie-300x225.jpg\" class=\"attachment-medium size-medium\" alt=\"\" loading=\"lazy\" srcset=\"https:\/\/baumgartner.schattwald.net\/wp-content\/uploads\/2018\/07\/DSCN3738_kopie-300x225.jpg 300w, https:\/\/baumgartner.schattwald.net\/wp-content\/uploads\/2018\/07\/DSCN3738_kopie-768x576.jpg 768w, https:\/\/baumgartner.schattwald.net\/wp-content\/uploads\/2018\/07\/DSCN3738_kopie-1024x768.jpg 1024w, https:\/\/baumgartner.schattwald.net\/wp-content\/uploads\/2018\/07\/DSCN3738_kopie-e1608997170360.jpg 1280w\" sizes=\"(max-width: 300px) 100vw, 300px\" \/><\/a>\n\t\t\t<\/dt><\/dl><dl class='gallery-item'>\n\t\t\t<dt class='gallery-icon landscape'>\n\t\t\t\t<a href='https:\/\/baumgartner.schattwald.net\/wp-content\/uploads\/2018\/07\/IMG_1509_v2.jpg'><img width=\"300\" height=\"225\" src=\"https:\/\/baumgartner.schattwald.net\/wp-content\/uploads\/2018\/07\/IMG_1509_v2-300x225.jpg\" class=\"attachment-medium size-medium\" alt=\"\" loading=\"lazy\" srcset=\"https:\/\/baumgartner.schattwald.net\/wp-content\/uploads\/2018\/07\/IMG_1509_v2-300x225.jpg 300w, https:\/\/baumgartner.schattwald.net\/wp-content\/uploads\/2018\/07\/IMG_1509_v2-768x576.jpg 768w, https:\/\/baumgartner.schattwald.net\/wp-content\/uploads\/2018\/07\/IMG_1509_v2-1024x768.jpg 1024w, https:\/\/baumgartner.schattwald.net\/wp-content\/uploads\/2018\/07\/IMG_1509_v2.jpg 1280w\" sizes=\"(max-width: 300px) 100vw, 300px\" \/><\/a>\n\t\t\t<\/dt><\/dl><br style=\"clear: both\" \/><dl class='gallery-item'>\n\t\t\t<dt class='gallery-icon landscape'>\n\t\t\t\t<a href='https:\/\/baumgartner.schattwald.net\/wp-content\/uploads\/2018\/07\/IMG_0959_Kopie.jpg'><img width=\"300\" height=\"225\" src=\"https:\/\/baumgartner.schattwald.net\/wp-content\/uploads\/2018\/07\/IMG_0959_Kopie-300x225.jpg\" class=\"attachment-medium size-medium\" alt=\"\" loading=\"lazy\" srcset=\"https:\/\/baumgartner.schattwald.net\/wp-content\/uploads\/2018\/07\/IMG_0959_Kopie-300x225.jpg 300w, https:\/\/baumgartner.schattwald.net\/wp-content\/uploads\/2018\/07\/IMG_0959_Kopie-768x576.jpg 768w, https:\/\/baumgartner.schattwald.net\/wp-content\/uploads\/2018\/07\/IMG_0959_Kopie-1024x768.jpg 1024w, https:\/\/baumgartner.schattwald.net\/wp-content\/uploads\/2018\/07\/IMG_0959_Kopie.jpg 1280w\" sizes=\"(max-width: 300px) 100vw, 300px\" \/><\/a>\n\t\t\t<\/dt><\/dl><dl class='gallery-item'>\n\t\t\t<dt class='gallery-icon landscape'>\n\t\t\t\t<a href='https:\/\/baumgartner.schattwald.net\/wp-content\/uploads\/2018\/07\/20180214_111718_v2.jpg'><img width=\"300\" height=\"169\" src=\"https:\/\/baumgartner.schattwald.net\/wp-content\/uploads\/2018\/07\/20180214_111718_v2-300x169.jpg\" class=\"attachment-medium size-medium\" alt=\"\" loading=\"lazy\" srcset=\"https:\/\/baumgartner.schattwald.net\/wp-content\/uploads\/2018\/07\/20180214_111718_v2-300x169.jpg 300w, https:\/\/baumgartner.schattwald.net\/wp-content\/uploads\/2018\/07\/20180214_111718_v2-768x432.jpg 768w, https:\/\/baumgartner.schattwald.net\/wp-content\/uploads\/2018\/07\/20180214_111718_v2-1024x576.jpg 1024w, https:\/\/baumgartner.schattwald.net\/wp-content\/uploads\/2018\/07\/20180214_111718_v2.jpg 1280w\" sizes=\"(max-width: 300px) 100vw, 300px\" \/><\/a>\n\t\t\t<\/dt><\/dl><dl class='gallery-item'>\n\t\t\t<dt class='gallery-icon landscape'>\n\t\t\t\t<a href='https:\/\/baumgartner.schattwald.net\/wp-content\/uploads\/2018\/07\/slider-e1535295676588.jpg'><img width=\"300\" height=\"115\" src=\"https:\/\/baumgartner.schattwald.net\/wp-content\/uploads\/2018\/07\/slider-e1535295676588-300x115.jpg\" class=\"attachment-medium size-medium\" alt=\"\" loading=\"lazy\" srcset=\"https:\/\/baumgartner.schattwald.net\/wp-content\/uploads\/2018\/07\/slider-e1535295676588-300x115.jpg 300w, https:\/\/baumgartner.schattwald.net\/wp-content\/uploads\/2018\/07\/slider-e1535295676588-768x293.jpg 768w, https:\/\/baumgartner.schattwald.net\/wp-content\/uploads\/2018\/07\/slider-e1535295676588-1024x391.jpg 1024w, https:\/\/baumgartner.schattwald.net\/wp-content\/uploads\/2018\/07\/slider-e1535295676588.jpg 1400w\" sizes=\"(max-width: 300px) 100vw, 300px\" \/><\/a>\n\t\t\t<\/dt><\/dl><br style=\"clear: both\" \/>\n\t\t<\/div>\n\n\n\n<figure class=\"wp-block-image size-large is-resized\"><img loading=\"lazy\" src=\"https:\/\/baumgartner.schattwald.net\/wp-content\/uploads\/2024\/06\/20231003_090049-1024x461.jpg\" alt=\"\" class=\"wp-image-6145\" width=\"389\" height=\"175\" srcset=\"https:\/\/baumgartner.schattwald.net\/wp-content\/uploads\/2024\/06\/20231003_090049-1024x461.jpg 1024w, https:\/\/baumgartner.schattwald.net\/wp-content\/uploads\/2024\/06\/20231003_090049-300x135.jpg 300w, https:\/\/baumgartner.schattwald.net\/wp-content\/uploads\/2024\/06\/20231003_090049-768x346.jpg 768w, https:\/\/baumgartner.schattwald.net\/wp-content\/uploads\/2024\/06\/20231003_090049-1536x691.jpg 1536w, https:\/\/baumgartner.schattwald.net\/wp-content\/uploads\/2024\/06\/20231003_090049-2048x922.jpg 2048w\" sizes=\"(max-width: 389px) 100vw, 389px\" \/><\/figure>\n\n\n\n<figure class=\"wp-block-image size-large is-resized\"><img loading=\"lazy\" src=\"https:\/\/baumgartner.schattwald.net\/wp-content\/uploads\/2024\/06\/DSCN3239-Kopie.jpg\" alt=\"\" class=\"wp-image-6155\" width=\"388\" height=\"290\" srcset=\"https:\/\/baumgartner.schattwald.net\/wp-content\/uploads\/2024\/06\/DSCN3239-Kopie.jpg 450w, https:\/\/baumgartner.schattwald.net\/wp-content\/uploads\/2024\/06\/DSCN3239-Kopie-300x225.jpg 300w\" sizes=\"(max-width: 388px) 100vw, 388px\" \/><\/figure>\n\n\n\n<figure class=\"wp-block-image size-large is-resized\"><img loading=\"lazy\" src=\"https:\/\/baumgartner.schattwald.net\/wp-content\/uploads\/2024\/06\/20170905_170830-576x1024.jpg\" alt=\"\" class=\"wp-image-6165\" width=\"160\" height=\"284\" srcset=\"https:\/\/baumgartner.schattwald.net\/wp-content\/uploads\/2024\/06\/20170905_170830-576x1024.jpg 576w, https:\/\/baumgartner.schattwald.net\/wp-content\/uploads\/2024\/06\/20170905_170830-169x300.jpg 169w, https:\/\/baumgartner.schattwald.net\/wp-content\/uploads\/2024\/06\/20170905_170830-768x1365.jpg 768w, https:\/\/baumgartner.schattwald.net\/wp-content\/uploads\/2024\/06\/20170905_170830-864x1536.jpg 864w, https:\/\/baumgartner.schattwald.net\/wp-content\/uploads\/2024\/06\/20170905_170830-1152x2048.jpg 1152w, https:\/\/baumgartner.schattwald.net\/wp-content\/uploads\/2024\/06\/20170905_170830-scaled.jpg 1440w\" sizes=\"(max-width: 160px) 100vw, 160px\" \/><\/figure>\n\n\n\n<p><\/p>\n","protected":false},"excerpt":{"rendered":"<p>Umgeben von einer bezaubernden Berg- und Naturlandschaft wohnen Sie in der idyllischen Ortschaft Schattwald\u00a0im Tannheimer Tal. Hier k\u00f6nnen Sie sportlich aktiv sein oder einfach nur die unber\u00fchrte Natur genie\u00dfen. Von allen Ferienwohnungen in unserem Haus haben Sie einen freien Blick auf die Tannheimer Taler Berge. IDEALE LAGE\/Direkt von unserem Haus erreichen Sie: Rad- und Wandernetz [&hellip;]<\/p>\n","protected":false},"author":3,"featured_media":0,"parent":0,"menu_order":0,"comment_status":"closed","ping_status":"closed","template":"","meta":[],"_links":{"self":[{"href":"https:\/\/baumgartner.schattwald.net\/index.php\/wp-json\/wp\/v2\/pages\/2053"}],"collection":[{"href":"https:\/\/baumgartner.schattwald.net\/index.php\/wp-json\/wp\/v2\/pages"}],"about":[{"href":"https:\/\/baumgartner.schattwald.net\/index.php\/wp-json\/wp\/v2\/types\/page"}],"author":[{"embeddable":true,"href":"https:\/\/baumgartner.schattwald.net\/index.php\/wp-json\/wp\/v2\/users\/3"}],"replies":[{"embeddable":true,"href":"https:\/\/baumgartner.schattwald.net\/index.php\/wp-json\/wp\/v2\/comments?post=2053"}],"version-history":[{"count":14,"href":"https:\/\/baumgartner.schattwald.net\/index.php\/wp-json\/wp\/v2\/pages\/2053\/revisions"}],"predecessor-version":[{"id":6978,"href":"https:\/\/baumgartner.schattwald.net\/index.php\/wp-json\/wp\/v2\/pages\/2053\/revisions\/6978"}],"wp:attachment":[{"href":"https:\/\/baumgartner.schattwald.net\/index.php\/wp-json\/wp\/v2\/media?parent=2053"}],"curies":[{"name":"wp","href":"https:\/\/api.w.org\/{rel}","templated":true}]}}